{"id":3956,"date":"2022-06-26T12:53:41","date_gmt":"2022-06-26T10:53:41","guid":{"rendered":"https:\/\/www.profartspla.site\/wordpress\/?page_id=3956"},"modified":"2022-06-26T12:58:38","modified_gmt":"2022-06-26T10:58:38","slug":"politique-de-confidentialite","status":"publish","type":"page","link":"https:\/\/www.profartspla.site\/wordpress\/politique-de-confidentialite\/","title":{"rendered":"Politique de confidentialit\u00e9"},"content":{"rendered":"<p>Nous utilisons les informations que vous nous fournissez (pr&eacute;nom, nom et adresse email) uniquement pour recevoir des newsletters.<\/p>\n\n\n\n<p>Nous ne vendrons ni ne c&eacute;derons vos renseignements personnels &agrave; des tiers &agrave; moins d&rsquo;avoir votre autorisation ou d&rsquo;y &ecirc;tre oblig&eacute; par la loi.<\/p>\n","protected":false},"excerpt":{"rendered":"<p>Nous utilisons les informations que vous nous fournissez (pr\u00e9nom, nom et adresse email) uniquement pour recevoir des newsletters. Nous ne vendrons ni ne c\u00e9derons vos renseignements personnels \u00e0 des tiers \u00e0 moins d\u2019avoir votre autorisation ou d\u2019y \u00eatre oblig\u00e9 par la loi.<\/p>\n","protected":false},"author":1,"featured_media":0,"parent":0,"menu_order":0,"comment_status":"closed","ping_status":"closed","template":"","meta":{"footnotes":""},"class_list":["post-3956","page","type-page","status-publish","hentry"],"jetpack_sharing_enabled":true,"_links":{"self":[{"href":"https:\/\/www.profartspla.site\/wordpress\/wp-json\/wp\/v2\/pages\/3956","targetHints":{"allow":["GET"]}}],"collection":[{"href":"https:\/\/www.profartspla.site\/wordpress\/wp-json\/wp\/v2\/pages"}],"about":[{"href":"https:\/\/www.profartspla.site\/wordpress\/wp-json\/wp\/v2\/types\/page"}],"author":[{"embeddable":true,"href":"https:\/\/www.profartspla.site\/wordpress\/wp-json\/wp\/v2\/users\/1"}],"replies":[{"embeddable":true,"href":"https:\/\/www.profartspla.site\/wordpress\/wp-json\/wp\/v2\/comments?post=3956"}],"version-history":[{"count":3,"href":"https:\/\/www.profartspla.site\/wordpress\/wp-json\/wp\/v2\/pages\/3956\/revisions"}],"predecessor-version":[{"id":3959,"href":"https:\/\/www.profartspla.site\/wordpress\/wp-json\/wp\/v2\/pages\/3956\/revisions\/3959"}],"wp:attachment":[{"href":"https:\/\/www.profartspla.site\/wordpress\/wp-json\/wp\/v2\/media?parent=3956"}],"curies":[{"name":"wp","href":"https:\/\/api.w.org\/{rel}","templated":true}]}}